{"id":11958,"date":"2025-07-12T16:57:46","date_gmt":"2025-07-12T14:57:46","guid":{"rendered":"https:\/\/www.mediapartizan.at\/?page_id=11958"},"modified":"2025-07-13T14:00:34","modified_gmt":"2025-07-13T12:00:34","slug":"praemiert","status":"publish","type":"page","link":"https:\/\/www.mediapartizan.at\/?page_id=11958","title":{"rendered":"Pr\u00e4miert"},"content":{"rendered":"<p><\/p>\n<p>Franz Miklautz, Betreiber von Mediapartizan.at, wurde 2023 mit dem Walther-Rode-Preis des Medienhauses Wien ausgezeichnet. <a href=\"https:\/\/www.mediapartizan.at\/wp-content\/uploads\/2025\/07\/Laudatio.pdf\" target=\"_blank\" rel=\"noreferrer noopener\">Das ist die Laudatio<\/a>.<\/p>\n<p><\/p>\n<p><\/p>\n<figure class=\"wp-block-image aligncenter size-full is-resized\"><img data-recalc-dims=\"1\" loading=\"lazy\" decoding=\"async\" src=\"https:\/\/i0.wp.com\/www.mediapartizan.at\/wp-content\/uploads\/2025\/07\/Bildschirmfoto-2025-06-15-um-15.23.35.png?resize=378%2C370&#038;ssl=1\" alt=\"\" class=\"wp-image-12206\" width=\"378\" height=\"370\" srcset=\"https:\/\/i0.wp.com\/www.mediapartizan.at\/wp-content\/uploads\/2025\/07\/Bildschirmfoto-2025-06-15-um-15.23.35.png?w=792&amp;ssl=1 792w, https:\/\/i0.wp.com\/www.mediapartizan.at\/wp-content\/uploads\/2025\/07\/Bildschirmfoto-2025-06-15-um-15.23.35.png?resize=300%2C294&amp;ssl=1 300w, https:\/\/i0.wp.com\/www.mediapartizan.at\/wp-content\/uploads\/2025\/07\/Bildschirmfoto-2025-06-15-um-15.23.35.png?resize=768%2C752&amp;ssl=1 768w\" sizes=\"auto, (max-width: 378px) 100vw, 378px\" \/><figcaption class=\"wp-element-caption\">&#8222;DER STANDARD&#8220;<\/figcaption><\/figure>\n<p><\/p>\n<p><\/p>\n<p><\/p>\n<p><\/p>\n<figure class=\"wp-block-image aligncenter size-large is-resized\"><img data-recalc-dims=\"1\" loading=\"lazy\" decoding=\"async\" src=\"https:\/\/i0.wp.com\/www.mediapartizan.at\/wp-content\/uploads\/2025\/07\/Bildschirmfoto-2025-06-15-um-15.25.18.png?resize=456%2C148&#038;ssl=1\" alt=\"\" class=\"wp-image-12207\" width=\"456\" height=\"148\" srcset=\"https:\/\/i0.wp.com\/www.mediapartizan.at\/wp-content\/uploads\/2025\/07\/Bildschirmfoto-2025-06-15-um-15.25.18.png?resize=1024%2C334&amp;ssl=1 1024w, https:\/\/i0.wp.com\/www.mediapartizan.at\/wp-content\/uploads\/2025\/07\/Bildschirmfoto-2025-06-15-um-15.25.18.png?resize=300%2C98&amp;ssl=1 300w, https:\/\/i0.wp.com\/www.mediapartizan.at\/wp-content\/uploads\/2025\/07\/Bildschirmfoto-2025-06-15-um-15.25.18.png?resize=768%2C251&amp;ssl=1 768w, https:\/\/i0.wp.com\/www.mediapartizan.at\/wp-content\/uploads\/2025\/07\/Bildschirmfoto-2025-06-15-um-15.25.18.png?w=1158&amp;ssl=1 1158w\" sizes=\"auto, (max-width: 456px) 100vw, 456px\" \/><figcaption class=\"wp-element-caption\">&#8222;Salzburger Nachrichten&#8220;<\/figcaption><\/figure>\n<p><\/p>\n<p><\/p>\n<p><\/p>\n<p><\/p>\n<figure class=\"wp-block-image aligncenter size-full is-resized\"><img data-recalc-dims=\"1\" loading=\"lazy\" decoding=\"async\" src=\"https:\/\/i0.wp.com\/www.mediapartizan.at\/wp-content\/uploads\/2025\/07\/Bildschirmfoto-2025-06-15-um-15.32.01.png?resize=422%2C323&#038;ssl=1\" alt=\"\" class=\"wp-image-12208\" width=\"422\" height=\"323\" srcset=\"https:\/\/i0.wp.com\/www.mediapartizan.at\/wp-content\/uploads\/2025\/07\/Bildschirmfoto-2025-06-15-um-15.32.01.png?w=896&amp;ssl=1 896w, https:\/\/i0.wp.com\/www.mediapartizan.at\/wp-content\/uploads\/2025\/07\/Bildschirmfoto-2025-06-15-um-15.32.01.png?resize=300%2C230&amp;ssl=1 300w, https:\/\/i0.wp.com\/www.mediapartizan.at\/wp-content\/uploads\/2025\/07\/Bildschirmfoto-2025-06-15-um-15.32.01.png?resize=768%2C588&amp;ssl=1 768w, https:\/\/i0.wp.com\/www.mediapartizan.at\/wp-content\/uploads\/2025\/07\/Bildschirmfoto-2025-06-15-um-15.32.01.png?resize=80%2C60&amp;ssl=1 80w\" sizes=\"auto, (max-width: 422px) 100vw, 422px\" \/><figcaption class=\"wp-element-caption\">&#8222;Kleine Zeitung&#8220;<\/figcaption><\/figure>\n<p><\/p>\n<p><\/p>\n<p>2014 gewann Miklautz den <a href=\"https:\/\/de.wikipedia.org\/wiki\/Erostepost-Literaturpreis\" target=\"_blank\" rel=\"noreferrer noopener\">&#8222;erostepost&#8220;-Literaturpreis<\/a> der gleichnamigen Literaturzeitschrift f\u00fcr die Kurzgeschichte &#8222;Alles in diesen niedlichen W\u00e4gelchen&#8220; (zusammen mit S. Mangelberger und J. Tr\u00f6ndle). Die Verleihung fand im Literaturhaus Salzburg statt.<\/p>\n<p><\/p>\n<p><\/p>\n<p>2014 war Miklautz f\u00fcr den <a href=\"https:\/\/de.wikipedia.org\/wiki\/Literaturpreis_Wartholz\" target=\"_blank\" rel=\"noreferrer noopener\">Literaturpreis Wartholz<\/a> (Nieder\u00f6sterreich) nominiert. Sein Beitrag f\u00fcr das Wettlesen trug den Titel: &#8222;Die Angst des Nomaden vor dem Halt&#8220;. <\/p>\n<p><\/p>\n","protected":false},"excerpt":{"rendered":"<div class=\"mh-excerpt\"><p>Franz Miklautz, Betreiber von Mediapartizan.at, wurde 2023 mit dem Walther-Rode-Preis des Medienhauses Wien ausgezeichnet. Das ist die Laudatio. 2014 gewann Miklautz den &#8222;erostepost&#8220;-Literaturpreis der gleichnamigen Literaturzeitschrift f\u00fcr die Kurzgeschichte &#8222;Alles in diesen niedlichen W\u00e4gelchen&#8220; (zusammen <a class=\"mh-excerpt-more\" href=\"https:\/\/www.mediapartizan.at\/?page_id=11958\" title=\"Pr\u00e4miert\">[&#8230;]<\/a><\/p>\n<\/div>","protected":false},"author":2,"featured_media":0,"parent":0,"menu_order":2,"comment_status":"closed","ping_status":"closed","template":"","meta":{"inline_featured_image":false,"footnotes":""},"class_list":["post-11958","page","type-page","status-publish"],"yoast_head":"<!-- This site is optimized with the Yoast SEO plugin v20.10 - https:\/\/yoast.com\/wordpress\/plugins\/seo\/ -->\n<title>Pr\u00e4miert - Mediapartizan.at<\/title>\n<meta name=\"robots\" content=\"index, follow, max-snippet:-1, max-image-preview:large, max-video-preview:-1\" \/>\n<link rel=\"canonical\" href=\"https:\/\/www.mediapartizan.at\/?page_id=11958\" \/>\n<meta property=\"og:locale\" content=\"de_DE\" \/>\n<meta property=\"og:type\" content=\"article\" \/>\n<meta property=\"og:title\" content=\"Pr\u00e4miert - Mediapartizan.at\" \/>\n<meta property=\"og:description\" content=\"Franz Miklautz, Betreiber von Mediapartizan.at, wurde 2023 mit dem Walther-Rode-Preis des Medienhauses Wien ausgezeichnet. Das ist die Laudatio. 2014 gewann Miklautz den &#8222;erostepost&#8220;-Literaturpreis der gleichnamigen Literaturzeitschrift f\u00fcr die Kurzgeschichte &#8222;Alles in diesen niedlichen W\u00e4gelchen&#8220; (zusammen [...]\" \/>\n<meta property=\"og:url\" content=\"https:\/\/www.mediapartizan.at\/?page_id=11958\" \/>\n<meta property=\"og:site_name\" content=\"Mediapartizan.at\" \/>\n<meta property=\"article:modified_time\" content=\"2025-07-13T12:00:34+00:00\" \/>\n<meta property=\"og:image\" content=\"https:\/\/www.mediapartizan.at\/wp-content\/uploads\/2025\/07\/Bildschirmfoto-2025-06-15-um-15.23.35.png\" \/>\n<meta name=\"twitter:card\" content=\"summary_large_image\" \/>\n<meta name=\"twitter:label1\" content=\"Gesch\u00e4tzte Lesezeit\" \/>\n\t<meta name=\"twitter:data1\" content=\"2\u00a0Minuten\" \/>\n<script type=\"application\/ld+json\" class=\"yoast-schema-graph\">{\"@context\":\"https:\/\/schema.org\",\"@graph\":[{\"@type\":\"WebPage\",\"@id\":\"https:\/\/www.mediapartizan.at\/?page_id=11958\",\"url\":\"https:\/\/www.mediapartizan.at\/?page_id=11958\",\"name\":\"Pr\u00e4miert - Mediapartizan.at\",\"isPartOf\":{\"@id\":\"https:\/\/www.mediapartizan.at\/#website\"},\"datePublished\":\"2025-07-12T14:57:46+00:00\",\"dateModified\":\"2025-07-13T12:00:34+00:00\",\"breadcrumb\":{\"@id\":\"https:\/\/www.mediapartizan.at\/?page_id=11958#breadcrumb\"},\"inLanguage\":\"de\",\"potentialAction\":[{\"@type\":\"ReadAction\",\"target\":[\"https:\/\/www.mediapartizan.at\/?page_id=11958\"]}]},{\"@type\":\"BreadcrumbList\",\"@id\":\"https:\/\/www.mediapartizan.at\/?page_id=11958#breadcrumb\",\"itemListElement\":[{\"@type\":\"ListItem\",\"position\":1,\"name\":\"Startseite\",\"item\":\"https:\/\/www.mediapartizan.at\/\"},{\"@type\":\"ListItem\",\"position\":2,\"name\":\"Pr\u00e4miert\"}]},{\"@type\":\"WebSite\",\"@id\":\"https:\/\/www.mediapartizan.at\/#website\",\"url\":\"https:\/\/www.mediapartizan.at\/\",\"name\":\"Mediapartizan.at\",\"description\":\"\",\"potentialAction\":[{\"@type\":\"SearchAction\",\"target\":{\"@type\":\"EntryPoint\",\"urlTemplate\":\"https:\/\/www.mediapartizan.at\/?s={search_term_string}\"},\"query-input\":\"required name=search_term_string\"}],\"inLanguage\":\"de\"}]}<\/script>\n<!-- \/ Yoast SEO plugin. -->","yoast_head_json":{"title":"Pr\u00e4miert - Mediapartizan.at","robots":{"index":"index","follow":"follow","max-snippet":"max-snippet:-1","max-image-preview":"max-image-preview:large","max-video-preview":"max-video-preview:-1"},"canonical":"https:\/\/www.mediapartizan.at\/?page_id=11958","og_locale":"de_DE","og_type":"article","og_title":"Pr\u00e4miert - Mediapartizan.at","og_description":"Franz Miklautz, Betreiber von Mediapartizan.at, wurde 2023 mit dem Walther-Rode-Preis des Medienhauses Wien ausgezeichnet. Das ist die Laudatio. 2014 gewann Miklautz den &#8222;erostepost&#8220;-Literaturpreis der gleichnamigen Literaturzeitschrift f\u00fcr die Kurzgeschichte &#8222;Alles in diesen niedlichen W\u00e4gelchen&#8220; (zusammen [...]","og_url":"https:\/\/www.mediapartizan.at\/?page_id=11958","og_site_name":"Mediapartizan.at","article_modified_time":"2025-07-13T12:00:34+00:00","og_image":[{"url":"https:\/\/www.mediapartizan.at\/wp-content\/uploads\/2025\/07\/Bildschirmfoto-2025-06-15-um-15.23.35.png"}],"twitter_card":"summary_large_image","twitter_misc":{"Gesch\u00e4tzte Lesezeit":"2\u00a0Minuten"},"schema":{"@context":"https:\/\/schema.org","@graph":[{"@type":"WebPage","@id":"https:\/\/www.mediapartizan.at\/?page_id=11958","url":"https:\/\/www.mediapartizan.at\/?page_id=11958","name":"Pr\u00e4miert - Mediapartizan.at","isPartOf":{"@id":"https:\/\/www.mediapartizan.at\/#website"},"datePublished":"2025-07-12T14:57:46+00:00","dateModified":"2025-07-13T12:00:34+00:00","breadcrumb":{"@id":"https:\/\/www.mediapartizan.at\/?page_id=11958#breadcrumb"},"inLanguage":"de","potentialAction":[{"@type":"ReadAction","target":["https:\/\/www.mediapartizan.at\/?page_id=11958"]}]},{"@type":"BreadcrumbList","@id":"https:\/\/www.mediapartizan.at\/?page_id=11958#breadcrumb","itemListElement":[{"@type":"ListItem","position":1,"name":"Startseite","item":"https:\/\/www.mediapartizan.at\/"},{"@type":"ListItem","position":2,"name":"Pr\u00e4miert"}]},{"@type":"WebSite","@id":"https:\/\/www.mediapartizan.at\/#website","url":"https:\/\/www.mediapartizan.at\/","name":"Mediapartizan.at","description":"","potentialAction":[{"@type":"SearchAction","target":{"@type":"EntryPoint","urlTemplate":"https:\/\/www.mediapartizan.at\/?s={search_term_string}"},"query-input":"required name=search_term_string"}],"inLanguage":"de"}]}},"jetpack_sharing_enabled":true,"_links":{"self":[{"href":"https:\/\/www.mediapartizan.at\/index.php?rest_route=\/wp\/v2\/pages\/11958","targetHints":{"allow":["GET"]}}],"collection":[{"href":"https:\/\/www.mediapartizan.at\/index.php?rest_route=\/wp\/v2\/pages"}],"about":[{"href":"https:\/\/www.mediapartizan.at\/index.php?rest_route=\/wp\/v2\/types\/page"}],"author":[{"embeddable":true,"href":"https:\/\/www.mediapartizan.at\/index.php?rest_route=\/wp\/v2\/users\/2"}],"replies":[{"embeddable":true,"href":"https:\/\/www.mediapartizan.at\/index.php?rest_route=%2Fwp%2Fv2%2Fcomments&post=11958"}],"version-history":[{"count":6,"href":"https:\/\/www.mediapartizan.at\/index.php?rest_route=\/wp\/v2\/pages\/11958\/revisions"}],"predecessor-version":[{"id":12225,"href":"https:\/\/www.mediapartizan.at\/index.php?rest_route=\/wp\/v2\/pages\/11958\/revisions\/12225"}],"wp:attachment":[{"href":"https:\/\/www.mediapartizan.at\/index.php?rest_route=%2Fwp%2Fv2%2Fmedia&parent=11958"}],"curies":[{"name":"wp","href":"https:\/\/api.w.org\/{rel}","templated":true}]}}