{"id":276,"date":"2020-03-08T11:31:18","date_gmt":"2020-03-08T10:31:18","guid":{"rendered":"https:\/\/www.mediapartizan.at\/?page_id=276"},"modified":"2024-07-28T17:16:08","modified_gmt":"2024-07-28T15:16:08","slug":"warum","status":"publish","type":"page","link":"https:\/\/www.mediapartizan.at\/?page_id=276","title":{"rendered":"Der Partizan"},"content":{"rendered":"<p><\/p>\n<p>Anfang des 20. Jahrhunderts gab es in der US-amerikanischen Presselandschaft ein sch\u00f6nes Wort f\u00fcr investigative Journalisten: <em><a rel=\"noreferrer noopener\" aria-label=\"Muckraker (opens in a new tab)\" href=\"https:\/\/de.wikipedia.org\/wiki\/muckraker\" target=\"_blank\">Muckraker<\/a><\/em> \u2013 Mistkratzer, Dreck-Aufw\u00fchler, Nestbeschmutzer. Gemeint waren Schn\u00fcffler, die Filz, Korruption und Missst\u00e4nde aufdeckten. Leute, die sich um nichts schissen. Am wenigsten um sich selbst.&nbsp;<\/p>\n<p><\/p>\n<p><\/p>\n<p>Es waren Haudegen, die auf Protokoll und Etikette pfiffen und, obwohl sie einem Medium angeh\u00f6rten, radikale Einzelg\u00e4nger waren &#8211; quasi ihre eigene Streitmacht. Auf dieser Idee basiert Mediapartizan.at. Wir unterscheiden uns vom Tross etablierter Medien, von denen immer weniger langwierige und aufreibende investigative Recherchen bieten, indem wir in den Dreck greifen. <\/p>\n<p><\/p>\n<p><\/p>\n<p style=\"font-size:17px\"><strong>Unser Ziel: <em>Die<\/em> B\u00fchne zu werden, auf der lokale und regionale Investigativ-Storys laufen<\/strong>.<\/p>\n<p><\/p>\n<p><\/p>\n<p>Das ist leicht gesagt, aber harte Arbeit: Wir wollen \u201eHard News\u201c. Richtig gute Investigativgeschichten. Solche, die jenen nicht passen, von denen sie handeln. Bar jeder Beeinflussung. Mit Belegen untermauert. <\/p>\n<p><\/p>\n<p><\/p>\n<p>Wie wir unser Ziel erreichen wollen? Mist kratzen, Dreck aufw\u00fchlen, Nest beschmutzen.<\/p>\n<p><\/p>\n<p><\/p>\n<p style=\"font-size:17px\"><strong>Tragen Sie bei: Unterst\u00fctzen Sie uns!<\/strong><\/p>\n<p><\/p>\n<p><\/p>\n<p>Um unser Ziel zu erreichen, sind wir auf Sie und Ihre Unterst\u00fctzung angewiesen. Egal, wie klein der Beitrag ist, den Sie auf uns setzen: Er garantiert uns Unabh\u00e4ngigkeit und Ihnen unbeeinflusste kritische Storys. Lesen Sie <a href=\"https:\/\/www.mediapartizan.at\/?page_id=670\" target=\"_blank\" rel=\"noreferrer noopener\">hier<\/a>, wie Sie mithelfen k\u00f6nnen, ein einzigartiges Journalismusprojekt auf die Beine zu stellen. <\/p>\n<p><\/p>\n<p><\/p>\n<p style=\"font-size:17px\"><strong>Werden Sie &#8222;Mitwisser&#8220;<\/strong><\/p>\n<p><\/p>\n<p><\/p>\n<p>Mediapartizan.at ist vorerst eine One-Man-Show und wird anf\u00e4nglich in unregelm\u00e4\u00dfigen Abst\u00e4nden neue Geschichten launchen. Mit unserem Investigativ-Newsletter k\u00f6nnen Sie sich \u00fcber neue Storys informieren lassen. Werden Sie zum &#8222;Mitwisser&#8220;!<br \/>Und funktioniert die <a href=\"https:\/\/www.mediapartizan.at\/?page_id=670\" target=\"_blank\" rel=\"noreferrer noopener\">Unterst\u00fctzung durch unsere Leser<\/a>, stocken wir auf. Und erh\u00f6hen die Schlagzahl. Die Storys sind da: Wachk\u00fcssen muss man sie.<\/p>\n<p><\/p>\n","protected":false},"excerpt":{"rendered":"<div class=\"mh-excerpt\"><p>Anfang des 20. Jahrhunderts gab es in der US-amerikanischen Presselandschaft ein sch\u00f6nes Wort f\u00fcr investigative Journalisten: Muckraker \u2013 Mistkratzer, Dreck-Aufw\u00fchler, Nestbeschmutzer. Gemeint waren Schn\u00fcffler, die Filz, Korruption und Missst\u00e4nde aufdeckten. Leute, die sich um nichts <a class=\"mh-excerpt-more\" href=\"https:\/\/www.mediapartizan.at\/?page_id=276\" title=\"Der Partizan\">[&#8230;]<\/a><\/p>\n<\/div>","protected":false},"author":2,"featured_media":0,"parent":0,"menu_order":19,"comment_status":"closed","ping_status":"closed","template":"","meta":{"inline_featured_image":false,"footnotes":""},"class_list":["post-276","page","type-page","status-publish"],"yoast_head":"<!-- This site is optimized with the Yoast SEO plugin v20.10 - https:\/\/yoast.com\/wordpress\/plugins\/seo\/ -->\n<title>Der Partizan - Mediapartizan.at<\/title>\n<meta name=\"robots\" content=\"index, follow, max-snippet:-1, max-image-preview:large, max-video-preview:-1\" \/>\n<link rel=\"canonical\" href=\"https:\/\/www.mediapartizan.at\/?page_id=276\" \/>\n<meta property=\"og:locale\" content=\"de_DE\" \/>\n<meta property=\"og:type\" content=\"article\" \/>\n<meta property=\"og:title\" content=\"Der Partizan - Mediapartizan.at\" \/>\n<meta property=\"og:description\" content=\"Anfang des 20. Jahrhunderts gab es in der US-amerikanischen Presselandschaft ein sch\u00f6nes Wort f\u00fcr investigative Journalisten: Muckraker \u2013 Mistkratzer, Dreck-Aufw\u00fchler, Nestbeschmutzer. Gemeint waren Schn\u00fcffler, die Filz, Korruption und Missst\u00e4nde aufdeckten. Leute, die sich um nichts [...]\" \/>\n<meta property=\"og:url\" content=\"https:\/\/www.mediapartizan.at\/?page_id=276\" \/>\n<meta property=\"og:site_name\" content=\"Mediapartizan.at\" \/>\n<meta property=\"article:modified_time\" content=\"2024-07-28T15:16:08+00:00\" \/>\n<meta name=\"twitter:card\" content=\"summary_large_image\" \/>\n<meta name=\"twitter:label1\" content=\"Gesch\u00e4tzte Lesezeit\" \/>\n\t<meta name=\"twitter:data1\" content=\"2\u00a0Minuten\" \/>\n<script type=\"application\/ld+json\" class=\"yoast-schema-graph\">{\"@context\":\"https:\/\/schema.org\",\"@graph\":[{\"@type\":\"WebPage\",\"@id\":\"https:\/\/www.mediapartizan.at\/?page_id=276\",\"url\":\"https:\/\/www.mediapartizan.at\/?page_id=276\",\"name\":\"Der Partizan - Mediapartizan.at\",\"isPartOf\":{\"@id\":\"https:\/\/www.mediapartizan.at\/#website\"},\"datePublished\":\"2020-03-08T10:31:18+00:00\",\"dateModified\":\"2024-07-28T15:16:08+00:00\",\"breadcrumb\":{\"@id\":\"https:\/\/www.mediapartizan.at\/?page_id=276#breadcrumb\"},\"inLanguage\":\"de\",\"potentialAction\":[{\"@type\":\"ReadAction\",\"target\":[\"https:\/\/www.mediapartizan.at\/?page_id=276\"]}]},{\"@type\":\"BreadcrumbList\",\"@id\":\"https:\/\/www.mediapartizan.at\/?page_id=276#breadcrumb\",\"itemListElement\":[{\"@type\":\"ListItem\",\"position\":1,\"name\":\"Startseite\",\"item\":\"https:\/\/www.mediapartizan.at\/\"},{\"@type\":\"ListItem\",\"position\":2,\"name\":\"Der Partizan\"}]},{\"@type\":\"WebSite\",\"@id\":\"https:\/\/www.mediapartizan.at\/#website\",\"url\":\"https:\/\/www.mediapartizan.at\/\",\"name\":\"Mediapartizan.at\",\"description\":\"\",\"potentialAction\":[{\"@type\":\"SearchAction\",\"target\":{\"@type\":\"EntryPoint\",\"urlTemplate\":\"https:\/\/www.mediapartizan.at\/?s={search_term_string}\"},\"query-input\":\"required name=search_term_string\"}],\"inLanguage\":\"de\"}]}<\/script>\n<!-- \/ Yoast SEO plugin. -->","yoast_head_json":{"title":"Der Partizan - Mediapartizan.at","robots":{"index":"index","follow":"follow","max-snippet":"max-snippet:-1","max-image-preview":"max-image-preview:large","max-video-preview":"max-video-preview:-1"},"canonical":"https:\/\/www.mediapartizan.at\/?page_id=276","og_locale":"de_DE","og_type":"article","og_title":"Der Partizan - Mediapartizan.at","og_description":"Anfang des 20. Jahrhunderts gab es in der US-amerikanischen Presselandschaft ein sch\u00f6nes Wort f\u00fcr investigative Journalisten: Muckraker \u2013 Mistkratzer, Dreck-Aufw\u00fchler, Nestbeschmutzer. Gemeint waren Schn\u00fcffler, die Filz, Korruption und Missst\u00e4nde aufdeckten. Leute, die sich um nichts [...]","og_url":"https:\/\/www.mediapartizan.at\/?page_id=276","og_site_name":"Mediapartizan.at","article_modified_time":"2024-07-28T15:16:08+00:00","twitter_card":"summary_large_image","twitter_misc":{"Gesch\u00e4tzte Lesezeit":"2\u00a0Minuten"},"schema":{"@context":"https:\/\/schema.org","@graph":[{"@type":"WebPage","@id":"https:\/\/www.mediapartizan.at\/?page_id=276","url":"https:\/\/www.mediapartizan.at\/?page_id=276","name":"Der Partizan - Mediapartizan.at","isPartOf":{"@id":"https:\/\/www.mediapartizan.at\/#website"},"datePublished":"2020-03-08T10:31:18+00:00","dateModified":"2024-07-28T15:16:08+00:00","breadcrumb":{"@id":"https:\/\/www.mediapartizan.at\/?page_id=276#breadcrumb"},"inLanguage":"de","potentialAction":[{"@type":"ReadAction","target":["https:\/\/www.mediapartizan.at\/?page_id=276"]}]},{"@type":"BreadcrumbList","@id":"https:\/\/www.mediapartizan.at\/?page_id=276#breadcrumb","itemListElement":[{"@type":"ListItem","position":1,"name":"Startseite","item":"https:\/\/www.mediapartizan.at\/"},{"@type":"ListItem","position":2,"name":"Der Partizan"}]},{"@type":"WebSite","@id":"https:\/\/www.mediapartizan.at\/#website","url":"https:\/\/www.mediapartizan.at\/","name":"Mediapartizan.at","description":"","potentialAction":[{"@type":"SearchAction","target":{"@type":"EntryPoint","urlTemplate":"https:\/\/www.mediapartizan.at\/?s={search_term_string}"},"query-input":"required name=search_term_string"}],"inLanguage":"de"}]}},"jetpack_sharing_enabled":true,"_links":{"self":[{"href":"https:\/\/www.mediapartizan.at\/index.php?rest_route=\/wp\/v2\/pages\/276","targetHints":{"allow":["GET"]}}],"collection":[{"href":"https:\/\/www.mediapartizan.at\/index.php?rest_route=\/wp\/v2\/pages"}],"about":[{"href":"https:\/\/www.mediapartizan.at\/index.php?rest_route=\/wp\/v2\/types\/page"}],"author":[{"embeddable":true,"href":"https:\/\/www.mediapartizan.at\/index.php?rest_route=\/wp\/v2\/users\/2"}],"replies":[{"embeddable":true,"href":"https:\/\/www.mediapartizan.at\/index.php?rest_route=%2Fwp%2Fv2%2Fcomments&post=276"}],"version-history":[{"count":51,"href":"https:\/\/www.mediapartizan.at\/index.php?rest_route=\/wp\/v2\/pages\/276\/revisions"}],"predecessor-version":[{"id":9678,"href":"https:\/\/www.mediapartizan.at\/index.php?rest_route=\/wp\/v2\/pages\/276\/revisions\/9678"}],"wp:attachment":[{"href":"https:\/\/www.mediapartizan.at\/index.php?rest_route=%2Fwp%2Fv2%2Fmedia&parent=276"}],"curies":[{"name":"wp","href":"https:\/\/api.w.org\/{rel}","templated":true}]}}