{"id":283,"date":"2020-03-08T11:37:28","date_gmt":"2020-03-08T10:37:28","guid":{"rendered":"https:\/\/www.mediapartizan.at\/?page_id=283"},"modified":"2022-06-29T09:14:14","modified_gmt":"2022-06-29T07:14:14","slug":"offenlegung","status":"publish","type":"page","link":"https:\/\/www.mediapartizan.at\/?page_id=283","title":{"rendered":"Offenlegung"},"content":{"rendered":"<p><\/p>\n<p class=\"has-text-align-left\">Mediapartizan.at hat keinen Didi, keinen Hans Peter und auch keine anderen M\u00e4zene. Das bringt uns den Vorteil, genau \u00fcber jene Personen, von denen gemeinhin erz\u00e4hlt wird, sie h\u00e4tten &#8222;das Sagen&#8220;, v\u00f6llig ungeniert schreiben zu k\u00f6nnen. Dabei konzentrieren wir uns auf die Ausleuchtung von lokalen und regionalen Machtzirkeln in Politik und Wirtschaft. Wir schauen auf das, was am Anfang war \u2013 vor dem Spin.<\/p>\n<p><\/p>\n<p><\/p>\n<p style=\"font-size:17px\"><strong>Unabh\u00e4ngigkeit<\/strong><\/p>\n<p><\/p>\n<p><\/p>\n<p>Mediapartizan.at ist inseratenfrei. Wir verzichten auf Werbeeinnahmen. Das macht uns unabh\u00e4ngig. Aber auch Mediapartizan.at muss sich finanzieren. Deshalb sind wir <a href=\"https:\/\/www.mediapartizan.at\/?page_id=670\" target=\"_blank\" rel=\"noreferrer noopener\">von Ihnen abh\u00e4ngig<\/a>: Unseren LeserInnen und Unterst\u00fctzerInnen. Die Einnahmen von Mediapartizan.at kommen ausschlie\u00dflich \u00fcber Spendenbeitr\u00e4ge. Die Beitragsh\u00f6he ist von den Unterst\u00fctzerInnen frei w\u00e4hlbar.<\/p>\n<p><\/p>\n<p><\/p>\n<p style=\"font-size:17px\"><strong>Medieninhaber<\/strong><\/p>\n<p><\/p>\n<p><\/p>\n<p><a href=\"https:\/\/www.mediapartizan.at\/?page_id=236\" target=\"_blank\" rel=\"noreferrer noopener\">Franz Miklautz<\/a>, Postfach 0003, 9010 Klagenfurt. <\/p>\n<p><\/p>\n<p><\/p>\n<p><\/p>\n<p><\/p>\n<p><\/p>\n","protected":false},"excerpt":{"rendered":"<div class=\"mh-excerpt\"><p>Mediapartizan.at hat keinen Didi, keinen Hans Peter und auch keine anderen M\u00e4zene. Das bringt uns den Vorteil, genau \u00fcber jene Personen, von denen gemeinhin erz\u00e4hlt wird, sie h\u00e4tten &#8222;das Sagen&#8220;, v\u00f6llig ungeniert schreiben zu k\u00f6nnen. <a class=\"mh-excerpt-more\" href=\"https:\/\/www.mediapartizan.at\/?page_id=283\" title=\"Offenlegung\">[&#8230;]<\/a><\/p>\n<\/div>","protected":false},"author":2,"featured_media":0,"parent":0,"menu_order":16,"comment_status":"closed","ping_status":"closed","template":"","meta":{"inline_featured_image":false,"footnotes":""},"class_list":["post-283","page","type-page","status-publish"],"yoast_head":"<!-- This site is optimized with the Yoast SEO plugin v20.10 - https:\/\/yoast.com\/wordpress\/plugins\/seo\/ -->\n<title>Offenlegung - Mediapartizan.at<\/title>\n<meta name=\"robots\" content=\"index, follow, max-snippet:-1, max-image-preview:large, max-video-preview:-1\" \/>\n<link rel=\"canonical\" href=\"https:\/\/www.mediapartizan.at\/?page_id=283\" \/>\n<meta property=\"og:locale\" content=\"de_DE\" \/>\n<meta property=\"og:type\" content=\"article\" \/>\n<meta property=\"og:title\" content=\"Offenlegung - Mediapartizan.at\" \/>\n<meta property=\"og:description\" content=\"Mediapartizan.at hat keinen Didi, keinen Hans Peter und auch keine anderen M\u00e4zene. Das bringt uns den Vorteil, genau \u00fcber jene Personen, von denen gemeinhin erz\u00e4hlt wird, sie h\u00e4tten &#8222;das Sagen&#8220;, v\u00f6llig ungeniert schreiben zu k\u00f6nnen. [...]\" \/>\n<meta property=\"og:url\" content=\"https:\/\/www.mediapartizan.at\/?page_id=283\" \/>\n<meta property=\"og:site_name\" content=\"Mediapartizan.at\" \/>\n<meta property=\"article:modified_time\" content=\"2022-06-29T07:14:14+00:00\" \/>\n<meta name=\"twitter:card\" content=\"summary_large_image\" \/>\n<meta name=\"twitter:label1\" content=\"Gesch\u00e4tzte Lesezeit\" \/>\n\t<meta name=\"twitter:data1\" content=\"1\u00a0Minute\" \/>\n<script type=\"application\/ld+json\" class=\"yoast-schema-graph\">{\"@context\":\"https:\/\/schema.org\",\"@graph\":[{\"@type\":\"WebPage\",\"@id\":\"https:\/\/www.mediapartizan.at\/?page_id=283\",\"url\":\"https:\/\/www.mediapartizan.at\/?page_id=283\",\"name\":\"Offenlegung - Mediapartizan.at\",\"isPartOf\":{\"@id\":\"https:\/\/www.mediapartizan.at\/#website\"},\"datePublished\":\"2020-03-08T10:37:28+00:00\",\"dateModified\":\"2022-06-29T07:14:14+00:00\",\"breadcrumb\":{\"@id\":\"https:\/\/www.mediapartizan.at\/?page_id=283#breadcrumb\"},\"inLanguage\":\"de\",\"potentialAction\":[{\"@type\":\"ReadAction\",\"target\":[\"https:\/\/www.mediapartizan.at\/?page_id=283\"]}]},{\"@type\":\"BreadcrumbList\",\"@id\":\"https:\/\/www.mediapartizan.at\/?page_id=283#breadcrumb\",\"itemListElement\":[{\"@type\":\"ListItem\",\"position\":1,\"name\":\"Startseite\",\"item\":\"https:\/\/www.mediapartizan.at\/\"},{\"@type\":\"ListItem\",\"position\":2,\"name\":\"Offenlegung\"}]},{\"@type\":\"WebSite\",\"@id\":\"https:\/\/www.mediapartizan.at\/#website\",\"url\":\"https:\/\/www.mediapartizan.at\/\",\"name\":\"Mediapartizan.at\",\"description\":\"\",\"potentialAction\":[{\"@type\":\"SearchAction\",\"target\":{\"@type\":\"EntryPoint\",\"urlTemplate\":\"https:\/\/www.mediapartizan.at\/?s={search_term_string}\"},\"query-input\":\"required name=search_term_string\"}],\"inLanguage\":\"de\"}]}<\/script>\n<!-- \/ Yoast SEO plugin. -->","yoast_head_json":{"title":"Offenlegung - Mediapartizan.at","robots":{"index":"index","follow":"follow","max-snippet":"max-snippet:-1","max-image-preview":"max-image-preview:large","max-video-preview":"max-video-preview:-1"},"canonical":"https:\/\/www.mediapartizan.at\/?page_id=283","og_locale":"de_DE","og_type":"article","og_title":"Offenlegung - Mediapartizan.at","og_description":"Mediapartizan.at hat keinen Didi, keinen Hans Peter und auch keine anderen M\u00e4zene. Das bringt uns den Vorteil, genau \u00fcber jene Personen, von denen gemeinhin erz\u00e4hlt wird, sie h\u00e4tten &#8222;das Sagen&#8220;, v\u00f6llig ungeniert schreiben zu k\u00f6nnen. [...]","og_url":"https:\/\/www.mediapartizan.at\/?page_id=283","og_site_name":"Mediapartizan.at","article_modified_time":"2022-06-29T07:14:14+00:00","twitter_card":"summary_large_image","twitter_misc":{"Gesch\u00e4tzte Lesezeit":"1\u00a0Minute"},"schema":{"@context":"https:\/\/schema.org","@graph":[{"@type":"WebPage","@id":"https:\/\/www.mediapartizan.at\/?page_id=283","url":"https:\/\/www.mediapartizan.at\/?page_id=283","name":"Offenlegung - Mediapartizan.at","isPartOf":{"@id":"https:\/\/www.mediapartizan.at\/#website"},"datePublished":"2020-03-08T10:37:28+00:00","dateModified":"2022-06-29T07:14:14+00:00","breadcrumb":{"@id":"https:\/\/www.mediapartizan.at\/?page_id=283#breadcrumb"},"inLanguage":"de","potentialAction":[{"@type":"ReadAction","target":["https:\/\/www.mediapartizan.at\/?page_id=283"]}]},{"@type":"BreadcrumbList","@id":"https:\/\/www.mediapartizan.at\/?page_id=283#breadcrumb","itemListElement":[{"@type":"ListItem","position":1,"name":"Startseite","item":"https:\/\/www.mediapartizan.at\/"},{"@type":"ListItem","position":2,"name":"Offenlegung"}]},{"@type":"WebSite","@id":"https:\/\/www.mediapartizan.at\/#website","url":"https:\/\/www.mediapartizan.at\/","name":"Mediapartizan.at","description":"","potentialAction":[{"@type":"SearchAction","target":{"@type":"EntryPoint","urlTemplate":"https:\/\/www.mediapartizan.at\/?s={search_term_string}"},"query-input":"required name=search_term_string"}],"inLanguage":"de"}]}},"jetpack_sharing_enabled":true,"_links":{"self":[{"href":"https:\/\/www.mediapartizan.at\/index.php?rest_route=\/wp\/v2\/pages\/283","targetHints":{"allow":["GET"]}}],"collection":[{"href":"https:\/\/www.mediapartizan.at\/index.php?rest_route=\/wp\/v2\/pages"}],"about":[{"href":"https:\/\/www.mediapartizan.at\/index.php?rest_route=\/wp\/v2\/types\/page"}],"author":[{"embeddable":true,"href":"https:\/\/www.mediapartizan.at\/index.php?rest_route=\/wp\/v2\/users\/2"}],"replies":[{"embeddable":true,"href":"https:\/\/www.mediapartizan.at\/index.php?rest_route=%2Fwp%2Fv2%2Fcomments&post=283"}],"version-history":[{"count":27,"href":"https:\/\/www.mediapartizan.at\/index.php?rest_route=\/wp\/v2\/pages\/283\/revisions"}],"predecessor-version":[{"id":3558,"href":"https:\/\/www.mediapartizan.at\/index.php?rest_route=\/wp\/v2\/pages\/283\/revisions\/3558"}],"wp:attachment":[{"href":"https:\/\/www.mediapartizan.at\/index.php?rest_route=%2Fwp%2Fv2%2Fmedia&parent=283"}],"curies":[{"name":"wp","href":"https:\/\/api.w.org\/{rel}","templated":true}]}}