{"id":670,"date":"2020-03-16T18:00:07","date_gmt":"2020-03-16T17:00:07","guid":{"rendered":"https:\/\/www.mediapartizan.at\/?page_id=670"},"modified":"2023-01-16T05:08:41","modified_gmt":"2023-01-16T04:08:41","slug":"unterstuetzen","status":"publish","type":"page","link":"https:\/\/www.mediapartizan.at\/?page_id=670","title":{"rendered":"Unterst\u00fctzen"},"content":{"rendered":"<p><\/p>\n<p>Investigativer Journalismus kostet Zeit. Oft dauern Recherchen Monate. Dazu kommen Ausgaben f\u00fcr Dokumente. Und fast immer drohen Klagen. Es ist eine teure Berufung. Aber ein saugeiler Job! Bitte st\u00e4rken Sie uns den R\u00fccken. Machen Sie uns unabh\u00e4ngig. Indem Sie uns unterst\u00fctzen. <\/p>\n<p><\/p>\n<p><\/p>\n<p>Dabei gilt: <span style=\"text-decoration: underline;\">Es ist nie zu wenig, was uns hilft, unabh\u00e4ngig zu sein.<\/span> Jeder Cent, den Sie in uns setzen, sorgt daf\u00fcr, Unwahrheiten, Vetternwirtschaft und andere Missst\u00e4nde aufzudecken. Wir ersuchen Sie: Tragen Sie etwas dazu bei, unser <a href=\"https:\/\/www.mediapartizan.at\/?page_id=276\" target=\"_blank\" rel=\"noreferrer noopener\">Ziel<\/a> zu erreichen. Helfen Sie uns, das offenzulegen, was andere lieber verschleiern. Werden Sie unser Mentor. Ein aufrichtiges Danke daf\u00fcr.<\/p>\n<p><\/p>\n<p><\/p>\n<p><em>Sie k\u00f6nnen uns einmalig oder monatlich unterst\u00fctzen. Ganz einfach per \u00dcberweisung. Name des Redaktionskontos: Franz Miklautz, Mediapartizan.at; Zweck: Unterst\u00fctzung; IBAN: AT61 3900 0000 0113 1671<\/em> &#8211; danke!<\/p>\n<p><\/p>\n<p><\/p>\n<p>Oder mit Paypal gleich hier:<\/p>\n<p><\/p>\n<p><\/p>\n<form id=\"vsdf_form\">\n\t<div id=\"errors\" style=\"display: none;\"><\/div>\n\n\t<div id=\"amounts\">\n\n\t\t<div class=\"button-wrap\">\n\t\t\t\n\t\t\t<input class=\"hidden radio-label\" type=\"radio\" name=\"radio_amount\" value=\"10\" id=\"amount-10\" \/><label class=\"button-label\" for=\"amount-10\"><h1>\u20ac10<\/h1><\/label><input class=\"hidden radio-label\" type=\"radio\" name=\"radio_amount\" value=\"25\" id=\"amount-25\" \/><label class=\"button-label\" for=\"amount-25\"><h1>\u20ac25<\/h1><\/label><input class=\"hidden radio-label\" type=\"radio\" name=\"radio_amount\" value=\"50\" id=\"amount-50\" checked=\"checked\"\/><label class=\"button-label\" for=\"amount-50\"><h1>\u20ac50<\/h1><\/label><input class=\"hidden radio-label\" type=\"radio\" name=\"radio_amount\" value=\"100\" id=\"amount-100\" \/><label class=\"button-label\" for=\"amount-100\"><h1>\u20ac100<\/h1><\/label>\n\t\t\t<input class=\"hidden radio-label\" type=\"radio\" name=\"radio_amount\" value=\"0\" id=\"amount-other\" \/>\n\t\t\t<label class=\"button-label\" for=\"amount-other\"><h1>Eigener Betrag<\/h1><\/label>\n\t\t\t<div class=\"pre_dollar\"><input type=\"number\" id=\"amount-typed\" name=\"amount-typed\" value=\"30\" \/><\/div>\n\t\t\t<style type=\"text\/css\">#vsdf_form .pre_dollar:before { content: '\u20ac';}<\/style>\n\t\t<\/div>\n\n\t\t<style type=\"text\/css\">\n\t\t\t#amount-10:checked + .button-label { background: #0bd451; color: #efefef; }\n\t\t#amount-10:checked + .button-label:hover { background: #05ae40; color: #e2e2e2; }#amount-25:checked + .button-label { background: #0bd451; color: #efefef; }\n\t\t#amount-25:checked + .button-label:hover { background: #05ae40; color: #e2e2e2; }#amount-50:checked + .button-label { background: #0bd451; color: #efefef; }\n\t\t#amount-50:checked + .button-label:hover { background: #05ae40; color: #e2e2e2; }#amount-100:checked + .button-label { background: #0bd451; color: #efefef; }\n\t\t#amount-100:checked + .button-label:hover { background: #05ae40; color: #e2e2e2; } #vsdf_form .button-label {\r\n    padding: 1em 1em;\r\n}\r\n#vsdf_form input:checked + .button-label {\r\n    background: #2a2a2a;\r\n    color: #efefef;\r\n}\r\n#vsdf_form input:checked + .button-label:hover {\r\n    background: #2a2a2a;\r\n    color: #e2e2e2;\r\n}\r\n#vsdf_form #amount-other:checked + .button-label {\r\n    background: #2a2a2a;\r\n    color: #efefef;\r\n}\r\n#vsdf_form #amount-other:checked + .button-label:hover {\r\n    background: #2a2a2a;\r\n    color: #efefef;\r\n}\r\n#vsdf_form #amount-typed {\r\npadding:1em 1.5em;\r\nheight:inherit;\r\n}\r\n\r\n#vsdf_form #submit-row #go {\r\nbackground: #0099ff;\r\n}\r\n#vsdf_form #submit-row #go:hover {\r\nbackground: #0099ff;\r\n}\r\n\r\n.sidebar_paypal #vsdf_form .button-label {\r\n   min-width:40px;\r\n   width:inherit;\r\n}\t\t<\/style>\n\n\t<\/div>\n\t\t<div id=\"one-or-monthly\">\n\t\t<div id=\"types\">\n\t\t\t<div class=\"type_text\">\n\t\t\t\tMein Beitrag ist eine:\n\t\t\t<\/div>\n\t\t\t<div class=\"type_dropdown\">\n\t\t\t\t<span class=\"dropdown-el\">\n\t\t\t\t\t<input type=\"radio\" name=\"type\" value=\"once\" id=\"once\"><label for=\"once\">Einmalige Spende<\/label>\n\t\t\t\t\t<input type=\"radio\" name=\"type\" value=\"recur\" checked=\"checked\" id=\"recur\"><label for=\"recur\">Monatliche Spende<\/label>\n\t\t\t\t<\/span>\n\t\t\t<\/div>\n\t\t\t<div style=\"clear:both\"><\/div>\n\t\t<\/div>\n\t<\/div>\n\t\t<div id=\"submit-row\">\n\t\t<input type=\"submit\" id=\"go\" value=\"Mit PayPal spenden\" \/>\n\t<\/div>\n<\/form>\n\n<!-- One-time donation form -->\n<form id=\"onetime\" action=\"https:\/\/www.paypal.com\/cgi-bin\/webscr\" method=\"post\" target=\"_blank\" style=\"display: none !important;\">\n<input type=\"hidden\" name=\"cmd\" value=\"_donations\" \/>\n<input type=\"hidden\" name=\"business\" value=\"mentor@mediapartizan.at\" \/>\n<input type=\"hidden\" name=\"item_name\" value=\"One-time Donation\" \/>\n<input type=\"hidden\" name=\"cn\" value=\"Any Special Note?\" \/>\n<input type=\"hidden\" name=\"currency_code\" value=\"EUR\" \/>\n<input type=\"hidden\" name=\"on0\" value=\"In honor of\" \/>\n<input type=\"hidden\" name=\"on1\" value=\"Send notification to\" \/>\n<input type=\"hidden\" name=\"return\" value=\"https:\/\/www.mediapartizan.at\/\" \/>\n<!-- one-time amount -->\n<input type=\"text\" name=\"amount\" value=\"100\" \/>\n<!-- in honor of name -->\n<input type=\"text\" name=\"os0\" id=\"os0\" \/>\n<!-- honor of address -->\n<input type=\"text\" name=\"os1\" id=\"os1\" \/>\n<!-- one-time submit -->\n<input value=\"Donate Now\" name=\"submit27\" type=\"submit\" \/>\n<\/form>\n\n<!-- Recurring donation form -->\n<form id=\"recurring\" name=\"_xclick\" action=\"https:\/\/www.paypal.com\/cgi-bin\/webscr\" method=\"post\" target=\"_blank\" style=\"display: none !important;\">\n<input type=\"hidden\" name=\"cmd\" value=\"_xclick-subscriptions\" \/>\n<input type=\"hidden\" name=\"business\" value=\"mentor@mediapartizan.at\" \/>\n<input type=\"hidden\" name=\"item_name\" value=\"Monthly Support\" \/>\n<input type=\"hidden\" name=\"currency_code\" value=\"EUR\" \/>\n<input type=\"hidden\" name=\"no_shipping\" value=\"1\" \/>\n<input type=\"hidden\" name=\"return\" value=\"https:\/\/www.mediapartizan.at\/\" \/>\n<input type=\"hidden\" name=\"p3\" value=\"1\" \/>\n<input type=\"hidden\" name=\"t3\" value=\"M\" \/>\n<input type=\"hidden\" name=\"src\" value=\"1\" \/>\n<input type=\"hidden\" name=\"sra\" value=\"1\" \/>\n<!-- monthly amount -->\n<input type=\"text\" name=\"a3\" value=\"10\" type=\"hidden\" \/>\n<!-- in honor of name -->\n<input type=\"text\" name=\"os0\" id=\"os0\" \/>\n<!-- honor of address -->\n<input type=\"text\" name=\"os1\" id=\"os1\" \/>\n<!-- submit -->\n<input value=\"Start recurring donation\" name=\"submit\" type=\"submit\" \/>\n<\/form>\n\n\n<p><\/p>\n","protected":false},"excerpt":{"rendered":"<div class=\"mh-excerpt\"><p>Investigativer Journalismus kostet Zeit. Oft dauern Recherchen Monate. Dazu kommen Ausgaben f\u00fcr Dokumente. Und fast immer drohen Klagen. Es ist eine teure Berufung. Aber ein saugeiler Job! Bitte st\u00e4rken Sie uns den R\u00fccken. Machen Sie <a class=\"mh-excerpt-more\" href=\"https:\/\/www.mediapartizan.at\/?page_id=670\" title=\"Unterst\u00fctzen\">[&#8230;]<\/a><\/p>\n<\/div>","protected":false},"author":2,"featured_media":0,"parent":0,"menu_order":6,"comment_status":"closed","ping_status":"closed","template":"template-full.php","meta":{"inline_featured_image":false,"footnotes":""},"class_list":["post-670","page","type-page","status-publish"],"yoast_head":"<!-- This site is optimized with the Yoast SEO plugin v20.10 - https:\/\/yoast.com\/wordpress\/plugins\/seo\/ -->\n<title>Unterst\u00fctzen - Mediapartizan.at<\/title>\n<meta name=\"robots\" content=\"index, follow, max-snippet:-1, max-image-preview:large, max-video-preview:-1\" \/>\n<link rel=\"canonical\" href=\"https:\/\/www.mediapartizan.at\/?page_id=670\" \/>\n<meta property=\"og:locale\" content=\"de_DE\" \/>\n<meta property=\"og:type\" content=\"article\" \/>\n<meta property=\"og:title\" content=\"Unterst\u00fctzen - Mediapartizan.at\" \/>\n<meta property=\"og:description\" content=\"Investigativer Journalismus kostet Zeit. Oft dauern Recherchen Monate. Dazu kommen Ausgaben f\u00fcr Dokumente. Und fast immer drohen Klagen. Es ist eine teure Berufung. Aber ein saugeiler Job! Bitte st\u00e4rken Sie uns den R\u00fccken. Machen Sie [...]\" \/>\n<meta property=\"og:url\" content=\"https:\/\/www.mediapartizan.at\/?page_id=670\" \/>\n<meta property=\"og:site_name\" content=\"Mediapartizan.at\" \/>\n<meta property=\"article:modified_time\" content=\"2023-01-16T04:08:41+00:00\" \/>\n<meta name=\"twitter:card\" content=\"summary_large_image\" \/>\n<meta name=\"twitter:label1\" content=\"Gesch\u00e4tzte Lesezeit\" \/>\n\t<meta name=\"twitter:data1\" content=\"1\u00a0Minute\" \/>\n<script type=\"application\/ld+json\" class=\"yoast-schema-graph\">{\"@context\":\"https:\/\/schema.org\",\"@graph\":[{\"@type\":\"WebPage\",\"@id\":\"https:\/\/www.mediapartizan.at\/?page_id=670\",\"url\":\"https:\/\/www.mediapartizan.at\/?page_id=670\",\"name\":\"Unterst\u00fctzen - Mediapartizan.at\",\"isPartOf\":{\"@id\":\"https:\/\/www.mediapartizan.at\/#website\"},\"datePublished\":\"2020-03-16T17:00:07+00:00\",\"dateModified\":\"2023-01-16T04:08:41+00:00\",\"breadcrumb\":{\"@id\":\"https:\/\/www.mediapartizan.at\/?page_id=670#breadcrumb\"},\"inLanguage\":\"de\",\"potentialAction\":[{\"@type\":\"ReadAction\",\"target\":[\"https:\/\/www.mediapartizan.at\/?page_id=670\"]}]},{\"@type\":\"BreadcrumbList\",\"@id\":\"https:\/\/www.mediapartizan.at\/?page_id=670#breadcrumb\",\"itemListElement\":[{\"@type\":\"ListItem\",\"position\":1,\"name\":\"Startseite\",\"item\":\"https:\/\/www.mediapartizan.at\/\"},{\"@type\":\"ListItem\",\"position\":2,\"name\":\"Unterst\u00fctzen\"}]},{\"@type\":\"WebSite\",\"@id\":\"https:\/\/www.mediapartizan.at\/#website\",\"url\":\"https:\/\/www.mediapartizan.at\/\",\"name\":\"Mediapartizan.at\",\"description\":\"\",\"potentialAction\":[{\"@type\":\"SearchAction\",\"target\":{\"@type\":\"EntryPoint\",\"urlTemplate\":\"https:\/\/www.mediapartizan.at\/?s={search_term_string}\"},\"query-input\":\"required name=search_term_string\"}],\"inLanguage\":\"de\"}]}<\/script>\n<!-- \/ Yoast SEO plugin. -->","yoast_head_json":{"title":"Unterst\u00fctzen - Mediapartizan.at","robots":{"index":"index","follow":"follow","max-snippet":"max-snippet:-1","max-image-preview":"max-image-preview:large","max-video-preview":"max-video-preview:-1"},"canonical":"https:\/\/www.mediapartizan.at\/?page_id=670","og_locale":"de_DE","og_type":"article","og_title":"Unterst\u00fctzen - Mediapartizan.at","og_description":"Investigativer Journalismus kostet Zeit. Oft dauern Recherchen Monate. Dazu kommen Ausgaben f\u00fcr Dokumente. Und fast immer drohen Klagen. Es ist eine teure Berufung. Aber ein saugeiler Job! Bitte st\u00e4rken Sie uns den R\u00fccken. Machen Sie [...]","og_url":"https:\/\/www.mediapartizan.at\/?page_id=670","og_site_name":"Mediapartizan.at","article_modified_time":"2023-01-16T04:08:41+00:00","twitter_card":"summary_large_image","twitter_misc":{"Gesch\u00e4tzte Lesezeit":"1\u00a0Minute"},"schema":{"@context":"https:\/\/schema.org","@graph":[{"@type":"WebPage","@id":"https:\/\/www.mediapartizan.at\/?page_id=670","url":"https:\/\/www.mediapartizan.at\/?page_id=670","name":"Unterst\u00fctzen - Mediapartizan.at","isPartOf":{"@id":"https:\/\/www.mediapartizan.at\/#website"},"datePublished":"2020-03-16T17:00:07+00:00","dateModified":"2023-01-16T04:08:41+00:00","breadcrumb":{"@id":"https:\/\/www.mediapartizan.at\/?page_id=670#breadcrumb"},"inLanguage":"de","potentialAction":[{"@type":"ReadAction","target":["https:\/\/www.mediapartizan.at\/?page_id=670"]}]},{"@type":"BreadcrumbList","@id":"https:\/\/www.mediapartizan.at\/?page_id=670#breadcrumb","itemListElement":[{"@type":"ListItem","position":1,"name":"Startseite","item":"https:\/\/www.mediapartizan.at\/"},{"@type":"ListItem","position":2,"name":"Unterst\u00fctzen"}]},{"@type":"WebSite","@id":"https:\/\/www.mediapartizan.at\/#website","url":"https:\/\/www.mediapartizan.at\/","name":"Mediapartizan.at","description":"","potentialAction":[{"@type":"SearchAction","target":{"@type":"EntryPoint","urlTemplate":"https:\/\/www.mediapartizan.at\/?s={search_term_string}"},"query-input":"required name=search_term_string"}],"inLanguage":"de"}]}},"jetpack_sharing_enabled":true,"_links":{"self":[{"href":"https:\/\/www.mediapartizan.at\/index.php?rest_route=\/wp\/v2\/pages\/670","targetHints":{"allow":["GET"]}}],"collection":[{"href":"https:\/\/www.mediapartizan.at\/index.php?rest_route=\/wp\/v2\/pages"}],"about":[{"href":"https:\/\/www.mediapartizan.at\/index.php?rest_route=\/wp\/v2\/types\/page"}],"author":[{"embeddable":true,"href":"https:\/\/www.mediapartizan.at\/index.php?rest_route=\/wp\/v2\/users\/2"}],"replies":[{"embeddable":true,"href":"https:\/\/www.mediapartizan.at\/index.php?rest_route=%2Fwp%2Fv2%2Fcomments&post=670"}],"version-history":[{"count":44,"href":"https:\/\/www.mediapartizan.at\/index.php?rest_route=\/wp\/v2\/pages\/670\/revisions"}],"predecessor-version":[{"id":5227,"href":"https:\/\/www.mediapartizan.at\/index.php?rest_route=\/wp\/v2\/pages\/670\/revisions\/5227"}],"wp:attachment":[{"href":"https:\/\/www.mediapartizan.at\/index.php?rest_route=%2Fwp%2Fv2%2Fmedia&parent=670"}],"curies":[{"name":"wp","href":"https:\/\/api.w.org\/{rel}","templated":true}]}}