{"id":86,"date":"2020-03-03T13:16:23","date_gmt":"2020-03-03T12:16:23","guid":{"rendered":"https:\/\/www.mediapartizan.at\/?page_id=86"},"modified":"2025-07-12T16:27:35","modified_gmt":"2025-07-12T14:27:35","slug":"anonymer-postkasten","status":"publish","type":"page","link":"https:\/\/www.mediapartizan.at\/?page_id=86","title":{"rendered":"Geben Sie Hinweise auf Korruption und Missst\u00e4nde!"},"content":{"rendered":"<p><\/p>\n<p class=\"has-normal-font-size\"><strong>Risikolos:<\/strong> <strong>Mit dem anonymen Postkasten.<\/strong><\/p>\n<p><\/p>\n<p><\/p>\n<p>Informieren Sie uns \u00fcber Missst\u00e4nde, Korruption, Vetternwirtschaft und dergleichen. Investigativer Journalismus beruht auf dem moralischen Verantwortungsbewusstsein von Informations- und Kenntnistr\u00e4gern. Wir garantieren unseren Quellen v\u00f6llige&nbsp;<strong>Anonymit\u00e4t<\/strong>. Sie k\u00f6nnen Ihre Hinweise auch&nbsp;<strong>verschl\u00fcsselt<\/strong>&nbsp;\u00fcbermitteln. <\/p>\n<p><\/p>\n<p><\/p>\n<p>MESSENGER-DIENSTE<\/p>\n<p><\/p>\n<p><\/p>\n<ul class=\"wp-block-list\"><\/p>\n<li><strong>Signal:&nbsp;<\/strong>End-to-End-Verschl\u00fcsselung und nicht unter Kuratel eines Konzerns, sondern von einer gemeinn\u00fctzigen Stiftung entwickelt. Gleich wie bei Whatsapp einfach die App aufs Handy laden.<\/li>\n<p><\/p>\n<p><\/p>\n<li><strong>Telegram:<\/strong> End-to-End-Verschl\u00fcsselung und nicht unter Kuratel eines Konzerns.<\/li>\n<p><\/p>\n<p><\/p>\n<li><strong>Threema \u2013 T3MNMA7Y<\/strong>: Threema ist gut durchdacht und funktioniert \u00fcber ID\u00b4s. Unsere ist T3MNMA7Y. Die \u00dcbermittlung ist nicht mit Ihrer Handynummer verkn\u00fcpft! Einfach aus dem App-Store oder Google-Play runterladen, registrieren \u2013 und schon k\u00f6nnen Sie uns die Daten verschl\u00fcsselt \u00fcbermitteln.&nbsp;<a href=\"http:\/\/www.threema.ch\/\" target=\"_blank\" rel=\"noreferrer noopener\">Threema.ch<\/a><\/li>\n<p><\/p>\n<p><\/p>\n<li><strong>Whatsapp:<\/strong>&nbsp;End-to-End-Verschl\u00fcsselung. Aber unter Facebook-Einfluss.<\/li>\n<p><\/ul>\n<p><\/p>\n<p><\/p>\n<p>E-MAIL-DIENSTE<\/p>\n<p><\/p>\n<p><\/p>\n<ul class=\"wp-block-list\"><\/p>\n<li><strong>Protonmail \u2013 franz.miklautz@protonmail.com:<\/strong>&nbsp;Der Schweizer Spezialist f\u00fcr verschl\u00fcsselte Kommunikation bietet eine Verschl\u00fcsselung von Proton- zu Protonmail. Der Mailaccount ist innerhalb von drei Minuten angelegt.&nbsp;<a rel=\"noreferrer noopener\" href=\"http:\/\/www.protonmail.com\/\" target=\"_blank\">Protonmail.com<\/a><\/li>\n<p><\/ul>\n<p><\/p>\n<p><\/p>\n<p>ANALOG<\/p>\n<p><\/p>\n<p><\/p>\n<ul class=\"wp-block-list\"><\/p>\n<li><strong>Die gute alte Post:<\/strong>&nbsp;Der f\u00fcr viele vielleicht leichteste Weg, Daten zu verschl\u00fcsseln, f\u00fchrt \u2013 wer h\u00e4tte es gedacht \u2013 \u00fcber die Post. Wenn Sie die Dokumente in ein Kuvert stecken, keinen Absender drauf schreiben und an <strong>Franz Miklautz, Postfach 0003, 9010 Klagenfurt<\/strong> schicken, ist der \u00dcbermittler nicht nachverfolgbar.<\/li>\n<p><\/ul>\n<p><\/p>\n","protected":false},"excerpt":{"rendered":"<div class=\"mh-excerpt\"><p>Risikolos: Mit dem anonymen Postkasten. Informieren Sie uns \u00fcber Missst\u00e4nde, Korruption, Vetternwirtschaft und dergleichen. Investigativer Journalismus beruht auf dem moralischen Verantwortungsbewusstsein von Informations- und Kenntnistr\u00e4gern. Wir garantieren unseren Quellen v\u00f6llige&nbsp;Anonymit\u00e4t. Sie k\u00f6nnen Ihre Hinweise auch&nbsp;verschl\u00fcsselt&nbsp;\u00fcbermitteln. <a class=\"mh-excerpt-more\" href=\"https:\/\/www.mediapartizan.at\/?page_id=86\" title=\"Geben Sie Hinweise auf Korruption und Missst\u00e4nde!\">[&#8230;]<\/a><\/p>\n<\/div>","protected":false},"author":2,"featured_media":0,"parent":0,"menu_order":22,"comment_status":"closed","ping_status":"closed","template":"","meta":{"inline_featured_image":false,"footnotes":""},"class_list":["post-86","page","type-page","status-publish"],"yoast_head":"<!-- This site is optimized with the Yoast SEO plugin v20.10 - https:\/\/yoast.com\/wordpress\/plugins\/seo\/ -->\n<title>Geben Sie Hinweise auf Korruption und Missst\u00e4nde! - Mediapartizan.at<\/title>\n<meta name=\"robots\" content=\"index, follow, max-snippet:-1, max-image-preview:large, max-video-preview:-1\" \/>\n<link rel=\"canonical\" href=\"https:\/\/www.mediapartizan.at\/?page_id=86\" \/>\n<meta property=\"og:locale\" content=\"de_DE\" \/>\n<meta property=\"og:type\" content=\"article\" \/>\n<meta property=\"og:title\" content=\"Geben Sie Hinweise auf Korruption und Missst\u00e4nde! - Mediapartizan.at\" \/>\n<meta property=\"og:description\" content=\"Risikolos: Mit dem anonymen Postkasten. Informieren Sie uns \u00fcber Missst\u00e4nde, Korruption, Vetternwirtschaft und dergleichen. Investigativer Journalismus beruht auf dem moralischen Verantwortungsbewusstsein von Informations- und Kenntnistr\u00e4gern. Wir garantieren unseren Quellen v\u00f6llige&nbsp;Anonymit\u00e4t. Sie k\u00f6nnen Ihre Hinweise auch&nbsp;verschl\u00fcsselt&nbsp;\u00fcbermitteln. [...]\" \/>\n<meta property=\"og:url\" content=\"https:\/\/www.mediapartizan.at\/?page_id=86\" \/>\n<meta property=\"og:site_name\" content=\"Mediapartizan.at\" \/>\n<meta property=\"article:modified_time\" content=\"2025-07-12T14:27:35+00:00\" \/>\n<meta name=\"twitter:card\" content=\"summary_large_image\" \/>\n<meta name=\"twitter:label1\" content=\"Gesch\u00e4tzte Lesezeit\" \/>\n\t<meta name=\"twitter:data1\" content=\"2\u00a0Minuten\" \/>\n<script type=\"application\/ld+json\" class=\"yoast-schema-graph\">{\"@context\":\"https:\/\/schema.org\",\"@graph\":[{\"@type\":\"WebPage\",\"@id\":\"https:\/\/www.mediapartizan.at\/?page_id=86\",\"url\":\"https:\/\/www.mediapartizan.at\/?page_id=86\",\"name\":\"Geben Sie Hinweise auf Korruption und Missst\u00e4nde! - Mediapartizan.at\",\"isPartOf\":{\"@id\":\"https:\/\/www.mediapartizan.at\/#website\"},\"datePublished\":\"2020-03-03T12:16:23+00:00\",\"dateModified\":\"2025-07-12T14:27:35+00:00\",\"breadcrumb\":{\"@id\":\"https:\/\/www.mediapartizan.at\/?page_id=86#breadcrumb\"},\"inLanguage\":\"de\",\"potentialAction\":[{\"@type\":\"ReadAction\",\"target\":[\"https:\/\/www.mediapartizan.at\/?page_id=86\"]}]},{\"@type\":\"BreadcrumbList\",\"@id\":\"https:\/\/www.mediapartizan.at\/?page_id=86#breadcrumb\",\"itemListElement\":[{\"@type\":\"ListItem\",\"position\":1,\"name\":\"Startseite\",\"item\":\"https:\/\/www.mediapartizan.at\/\"},{\"@type\":\"ListItem\",\"position\":2,\"name\":\"Geben Sie Hinweise auf Korruption und Missst\u00e4nde!\"}]},{\"@type\":\"WebSite\",\"@id\":\"https:\/\/www.mediapartizan.at\/#website\",\"url\":\"https:\/\/www.mediapartizan.at\/\",\"name\":\"Mediapartizan.at\",\"description\":\"\",\"potentialAction\":[{\"@type\":\"SearchAction\",\"target\":{\"@type\":\"EntryPoint\",\"urlTemplate\":\"https:\/\/www.mediapartizan.at\/?s={search_term_string}\"},\"query-input\":\"required name=search_term_string\"}],\"inLanguage\":\"de\"}]}<\/script>\n<!-- \/ Yoast SEO plugin. -->","yoast_head_json":{"title":"Geben Sie Hinweise auf Korruption und Missst\u00e4nde! - Mediapartizan.at","robots":{"index":"index","follow":"follow","max-snippet":"max-snippet:-1","max-image-preview":"max-image-preview:large","max-video-preview":"max-video-preview:-1"},"canonical":"https:\/\/www.mediapartizan.at\/?page_id=86","og_locale":"de_DE","og_type":"article","og_title":"Geben Sie Hinweise auf Korruption und Missst\u00e4nde! - Mediapartizan.at","og_description":"Risikolos: Mit dem anonymen Postkasten. Informieren Sie uns \u00fcber Missst\u00e4nde, Korruption, Vetternwirtschaft und dergleichen. Investigativer Journalismus beruht auf dem moralischen Verantwortungsbewusstsein von Informations- und Kenntnistr\u00e4gern. Wir garantieren unseren Quellen v\u00f6llige&nbsp;Anonymit\u00e4t. Sie k\u00f6nnen Ihre Hinweise auch&nbsp;verschl\u00fcsselt&nbsp;\u00fcbermitteln. [...]","og_url":"https:\/\/www.mediapartizan.at\/?page_id=86","og_site_name":"Mediapartizan.at","article_modified_time":"2025-07-12T14:27:35+00:00","twitter_card":"summary_large_image","twitter_misc":{"Gesch\u00e4tzte Lesezeit":"2\u00a0Minuten"},"schema":{"@context":"https:\/\/schema.org","@graph":[{"@type":"WebPage","@id":"https:\/\/www.mediapartizan.at\/?page_id=86","url":"https:\/\/www.mediapartizan.at\/?page_id=86","name":"Geben Sie Hinweise auf Korruption und Missst\u00e4nde! - Mediapartizan.at","isPartOf":{"@id":"https:\/\/www.mediapartizan.at\/#website"},"datePublished":"2020-03-03T12:16:23+00:00","dateModified":"2025-07-12T14:27:35+00:00","breadcrumb":{"@id":"https:\/\/www.mediapartizan.at\/?page_id=86#breadcrumb"},"inLanguage":"de","potentialAction":[{"@type":"ReadAction","target":["https:\/\/www.mediapartizan.at\/?page_id=86"]}]},{"@type":"BreadcrumbList","@id":"https:\/\/www.mediapartizan.at\/?page_id=86#breadcrumb","itemListElement":[{"@type":"ListItem","position":1,"name":"Startseite","item":"https:\/\/www.mediapartizan.at\/"},{"@type":"ListItem","position":2,"name":"Geben Sie Hinweise auf Korruption und Missst\u00e4nde!"}]},{"@type":"WebSite","@id":"https:\/\/www.mediapartizan.at\/#website","url":"https:\/\/www.mediapartizan.at\/","name":"Mediapartizan.at","description":"","potentialAction":[{"@type":"SearchAction","target":{"@type":"EntryPoint","urlTemplate":"https:\/\/www.mediapartizan.at\/?s={search_term_string}"},"query-input":"required name=search_term_string"}],"inLanguage":"de"}]}},"jetpack_sharing_enabled":true,"_links":{"self":[{"href":"https:\/\/www.mediapartizan.at\/index.php?rest_route=\/wp\/v2\/pages\/86","targetHints":{"allow":["GET"]}}],"collection":[{"href":"https:\/\/www.mediapartizan.at\/index.php?rest_route=\/wp\/v2\/pages"}],"about":[{"href":"https:\/\/www.mediapartizan.at\/index.php?rest_route=\/wp\/v2\/types\/page"}],"author":[{"embeddable":true,"href":"https:\/\/www.mediapartizan.at\/index.php?rest_route=\/wp\/v2\/users\/2"}],"replies":[{"embeddable":true,"href":"https:\/\/www.mediapartizan.at\/index.php?rest_route=%2Fwp%2Fv2%2Fcomments&post=86"}],"version-history":[{"count":17,"href":"https:\/\/www.mediapartizan.at\/index.php?rest_route=\/wp\/v2\/pages\/86\/revisions"}],"predecessor-version":[{"id":12204,"href":"https:\/\/www.mediapartizan.at\/index.php?rest_route=\/wp\/v2\/pages\/86\/revisions\/12204"}],"wp:attachment":[{"href":"https:\/\/www.mediapartizan.at\/index.php?rest_route=%2Fwp%2Fv2%2Fmedia&parent=86"}],"curies":[{"name":"wp","href":"https:\/\/api.w.org\/{rel}","templated":true}]}}